{"id":4170,"date":"2026-03-10T20:51:53","date_gmt":"2026-03-10T19:51:53","guid":{"rendered":"https:\/\/pellizzerantichitarestauro.com\/?post_type=product&#038;p=4170"},"modified":"2026-03-10T20:51:53","modified_gmt":"2026-03-10T19:51:53","slug":"armadio-dipinto","status":"publish","type":"product","link":"https:\/\/pellizzerantichitarestauro.com\/en\/product\/armadio-dipinto\/","title":{"rendered":"Armadio dipinto"},"content":{"rendered":"<p>Armadio tirolese la cui struttura della prima met\u00e0 dell&#8217;800 \u00e8 stata finemente decorata e sapr\u00e0 valorizzare ogni tipo abitazione. In buone condizioni generali, presenta qualche segno del tempo.<br \/>\nLunghezza cm141 Profondit\u00e0 cm70 Altezza cm197.<\/p>\n","protected":false},"excerpt":{"rendered":"<p>Armadio tirolese la cui struttura della prima met\u00e0 dell&#8217;800 \u00e8 stata finemente decorata e sapr\u00e0 valorizzare ogni tipo abitazione. In buone condizioni generali, presenta qualche segno del tempo. Lunghezza cm141 Profondit\u00e0 cm70 Altezza cm197.<\/p>\n","protected":false},"featured_media":3571,"comment_status":"closed","ping_status":"closed","template":"","meta":{"_acf_changed":false},"product_brand":[],"product_cat":[195,37],"product_tag":[],"class_list":{"0":"post-4170","1":"product","2":"type-product","3":"status-publish","4":"has-post-thumbnail","6":"product_cat-armadi","7":"product_cat-mobili-antichi","9":"first","10":"instock","11":"shipping-taxable","12":"product-type-simple"},"acf":[],"_links":{"self":[{"href":"https:\/\/pellizzerantichitarestauro.com\/en\/wp-json\/wp\/v2\/product\/4170","targetHints":{"allow":["GET"]}}],"collection":[{"href":"https:\/\/pellizzerantichitarestauro.com\/en\/wp-json\/wp\/v2\/product"}],"about":[{"href":"https:\/\/pellizzerantichitarestauro.com\/en\/wp-json\/wp\/v2\/types\/product"}],"replies":[{"embeddable":true,"href":"https:\/\/pellizzerantichitarestauro.com\/en\/wp-json\/wp\/v2\/comments?post=4170"}],"version-history":[{"count":0,"href":"https:\/\/pellizzerantichitarestauro.com\/en\/wp-json\/wp\/v2\/product\/4170\/revisions"}],"wp:featuredmedia":[{"embeddable":true,"href":"https:\/\/pellizzerantichitarestauro.com\/en\/wp-json\/wp\/v2\/media\/3571"}],"wp:attachment":[{"href":"https:\/\/pellizzerantichitarestauro.com\/en\/wp-json\/wp\/v2\/media?parent=4170"}],"wp:term":[{"taxonomy":"product_brand","embeddable":true,"href":"https:\/\/pellizzerantichitarestauro.com\/en\/wp-json\/wp\/v2\/product_brand?post=4170"},{"taxonomy":"product_cat","embeddable":true,"href":"https:\/\/pellizzerantichitarestauro.com\/en\/wp-json\/wp\/v2\/product_cat?post=4170"},{"taxonomy":"product_tag","embeddable":true,"href":"https:\/\/pellizzerantichitarestauro.com\/en\/wp-json\/wp\/v2\/product_tag?post=4170"}],"curies":[{"name":"wp","href":"https:\/\/api.w.org\/{rel}","templated":true}]}}