{"id":3865,"date":"2024-11-19T23:39:24","date_gmt":"2024-11-19T22:39:24","guid":{"rendered":"https:\/\/pellizzerantichitarestauro.com\/?post_type=product&#038;p=3865"},"modified":"2024-11-19T23:39:24","modified_gmt":"2024-11-19T22:39:24","slug":"etagere-in-ciliegio","status":"publish","type":"product","link":"https:\/\/pellizzerantichitarestauro.com\/en\/product\/etagere-in-ciliegio\/","title":{"rendered":"Etag\u00e8re in ciliegio"},"content":{"rendered":"<p>Elegante \u00e9tag\u00e8re angolare in legno di ciliegio della fine dell&#8217;800.<br \/>\nLa struttura presenta un raffinato lavoro di intaglio, e dei ripiani lastronati in legno ciliegio.<br \/>\nIn buone condizioni generali, presenta qualche segno del tempo.<br \/>\nTutti i lavori di restauro possono essere eseguiti nel nostro laboratorio.<br \/>\nLato cm 57 Profondit\u00e0 cm 56 Altezza cm 140<\/p>\n","protected":false},"excerpt":{"rendered":"<p>Elegante \u00e9tag\u00e8re angolare in legno di ciliegio della fine dell&#8217;800. La struttura presenta un raffinato lavoro di intaglio, e dei ripiani lastronati in legno ciliegio. In buone condizioni generali, presenta qualche segno del tempo. Tutti i lavori di restauro possono essere eseguiti nel nostro laboratorio. Lato cm 57 Profondit\u00e0 cm 56 Altezza cm 140<\/p>\n","protected":false},"featured_media":3867,"comment_status":"closed","ping_status":"closed","template":"","meta":{"_acf_changed":false},"product_brand":[],"product_cat":[49,37],"product_tag":[],"class_list":{"0":"post-3865","1":"product","2":"type-product","3":"status-publish","4":"has-post-thumbnail","6":"product_cat-angolari","7":"product_cat-mobili-antichi","9":"first","10":"instock","11":"shipping-taxable","12":"product-type-simple"},"acf":[],"_links":{"self":[{"href":"https:\/\/pellizzerantichitarestauro.com\/en\/wp-json\/wp\/v2\/product\/3865","targetHints":{"allow":["GET"]}}],"collection":[{"href":"https:\/\/pellizzerantichitarestauro.com\/en\/wp-json\/wp\/v2\/product"}],"about":[{"href":"https:\/\/pellizzerantichitarestauro.com\/en\/wp-json\/wp\/v2\/types\/product"}],"replies":[{"embeddable":true,"href":"https:\/\/pellizzerantichitarestauro.com\/en\/wp-json\/wp\/v2\/comments?post=3865"}],"version-history":[{"count":0,"href":"https:\/\/pellizzerantichitarestauro.com\/en\/wp-json\/wp\/v2\/product\/3865\/revisions"}],"wp:featuredmedia":[{"embeddable":true,"href":"https:\/\/pellizzerantichitarestauro.com\/en\/wp-json\/wp\/v2\/media\/3867"}],"wp:attachment":[{"href":"https:\/\/pellizzerantichitarestauro.com\/en\/wp-json\/wp\/v2\/media?parent=3865"}],"wp:term":[{"taxonomy":"product_brand","embeddable":true,"href":"https:\/\/pellizzerantichitarestauro.com\/en\/wp-json\/wp\/v2\/product_brand?post=3865"},{"taxonomy":"product_cat","embeddable":true,"href":"https:\/\/pellizzerantichitarestauro.com\/en\/wp-json\/wp\/v2\/product_cat?post=3865"},{"taxonomy":"product_tag","embeddable":true,"href":"https:\/\/pellizzerantichitarestauro.com\/en\/wp-json\/wp\/v2\/product_tag?post=3865"}],"curies":[{"name":"wp","href":"https:\/\/api.w.org\/{rel}","templated":true}]}}